{"id":19,"date":"2025-06-21T11:48:33","date_gmt":"2025-06-21T09:48:33","guid":{"rendered":"https:\/\/www.valentinmachut.fr\/?page_id=19"},"modified":"2025-06-22T00:38:53","modified_gmt":"2025-06-21T22:38:53","slug":"citations","status":"publish","type":"page","link":"https:\/\/www.valentinmachut.fr\/index.php\/citations\/","title":{"rendered":"Citations"},"content":{"rendered":"\t\t<div data-elementor-type=\"wp-page\" data-elementor-id=\"19\" class=\"elementor elementor-19\" data-elementor-post-type=\"page\">\n\t\t\t\t<div class=\"elementor-element elementor-element-aa307a3 e-flex e-con-boxed e-con e-parent\" data-id=\"aa307a3\" data-element_type=\"container\" data-e-type=\"container\">\n\t\t\t\t\t<div class=\"e-con-inner\">\n\t\t\t\t<div class=\"elementor-element elementor-element-d5ebef2 elementor-widget elementor-widget-heading\" data-id=\"d5ebef2\" data-element_type=\"widget\" data-e-type=\"widget\" data-widget_type=\"heading.default\">\n\t\t\t\t<div class=\"elementor-widget-container\">\n\t\t\t\t\t<h1 class=\"elementor-heading-title elementor-size-default\">Citations<\/h1>\t\t\t\t<\/div>\n\t\t\t\t<\/div>\n\t\t\t\t\t<\/div>\n\t\t\t\t<\/div>\n\t\t<div class=\"elementor-element elementor-element-772c79d e-flex e-con-boxed e-con e-parent\" data-id=\"772c79d\" data-element_type=\"container\" data-e-type=\"container\">\n\t\t\t\t\t<div class=\"e-con-inner\">\n\t\t\t\t<div class=\"elementor-element elementor-element-bcd2ae3 elementor-widget elementor-widget-text-editor\" data-id=\"bcd2ae3\" data-element_type=\"widget\" data-e-type=\"widget\" data-widget_type=\"text-editor.default\">\n\t\t\t\t<div class=\"elementor-widget-container\">\n\t\t\t\t\t\t\t\t\t<p><span class=\"color_11 wixui-rich-text__text\"><span class=\"wixui-rich-text__text\"><strong>\u00ab<\/strong> Mais, si on aborde la question, on verra que le tr\u00f4ne ne s\u2019acquiert pas par droit h\u00e9r\u00e9ditaire et qu\u2019on ne doit y \u00e9lever que celui qui se distingue non seulement par la noblesse de son corps, mais encore par la sagesse de son esprit, que celui qui a l\u2019honneur pour bouclier et la g\u00e9n\u00e9rosit\u00e9 pour rempart. <strong>\u00bb<\/strong><\/span><\/span><\/p>\t\t\t\t\t\t\t\t<\/div>\n\t\t\t\t<\/div>\n\t\t\t\t<div class=\"elementor-element elementor-element-f96f820 elementor-widget-divider--view-line elementor-widget elementor-widget-divider\" data-id=\"f96f820\" data-element_type=\"widget\" data-e-type=\"widget\" data-widget_type=\"divider.default\">\n\t\t\t\t<div class=\"elementor-widget-container\">\n\t\t\t\t\t\t\t<div class=\"elementor-divider\">\n\t\t\t<span class=\"elementor-divider-separator\">\n\t\t\t\t\t\t<\/span>\n\t\t<\/div>\n\t\t\t\t\t\t<\/div>\n\t\t\t\t<\/div>\n\t\t\t\t<div class=\"elementor-element elementor-element-f321619 elementor-widget elementor-widget-heading\" data-id=\"f321619\" data-element_type=\"widget\" data-e-type=\"widget\" data-widget_type=\"heading.default\">\n\t\t\t\t<div class=\"elementor-widget-container\">\n\t\t\t\t\t<h2 class=\"elementor-heading-title elementor-size-default\"><p class=\"font_7 wixui-rich-text__text\" style=\"line-height:1.4em;text-align:center;font-size:20px\"><span style=\"letter-spacing:normal\" class=\"wixui-rich-text__text\"><span class=\"color_11 wixui-rich-text__text\">Adalb\u00e9ron de Reims,<\/span><\/span><\/p><p class=\"font_9 wixui-rich-text__text\" style=\"font-size:16px;text-align:center\"><span style=\"letter-spacing:normal\" class=\"wixui-rich-text__text\"><span class=\"color_11 wixui-rich-text__text\"><span style=\"font-size:16px\" class=\"wixui-rich-text__text\">Richer de Reims, Historia Francorum.<\/span><\/span><\/span><\/p><br><\/h2>\t\t\t\t<\/div>\n\t\t\t\t<\/div>\n\t\t\t\t\t<\/div>\n\t\t\t\t<\/div>\n\t\t\t\t<\/div>\n\t\t","protected":false},"excerpt":{"rendered":"<p>Citations \u00ab Mais, si on aborde la question, on verra que le tr\u00f4ne ne s\u2019acquiert pas par droit h\u00e9r\u00e9ditaire et qu\u2019on ne doit y \u00e9lever que celui qui se distingue non seulement par la noblesse de son corps, mais encore par la sagesse de son esprit, que celui qui a l\u2019honneur pour bouclier et la [&hellip;]<\/p>\n","protected":false},"author":1,"featured_media":0,"parent":0,"menu_order":0,"comment_status":"closed","ping_status":"closed","template":"","meta":{"footnotes":""},"class_list":["post-19","page","type-page","status-publish","hentry","entry"],"_links":{"self":[{"href":"https:\/\/www.valentinmachut.fr\/index.php\/wp-json\/wp\/v2\/pages\/19","targetHints":{"allow":["GET"]}}],"collection":[{"href":"https:\/\/www.valentinmachut.fr\/index.php\/wp-json\/wp\/v2\/pages"}],"about":[{"href":"https:\/\/www.valentinmachut.fr\/index.php\/wp-json\/wp\/v2\/types\/page"}],"author":[{"embeddable":true,"href":"https:\/\/www.valentinmachut.fr\/index.php\/wp-json\/wp\/v2\/users\/1"}],"replies":[{"embeddable":true,"href":"https:\/\/www.valentinmachut.fr\/index.php\/wp-json\/wp\/v2\/comments?post=19"}],"version-history":[{"count":19,"href":"https:\/\/www.valentinmachut.fr\/index.php\/wp-json\/wp\/v2\/pages\/19\/revisions"}],"predecessor-version":[{"id":330,"href":"https:\/\/www.valentinmachut.fr\/index.php\/wp-json\/wp\/v2\/pages\/19\/revisions\/330"}],"wp:attachment":[{"href":"https:\/\/www.valentinmachut.fr\/index.php\/wp-json\/wp\/v2\/media?parent=19"}],"curies":[{"name":"wp","href":"https:\/\/api.w.org\/{rel}","templated":true}]}}