{"id":17,"date":"2025-06-21T11:48:10","date_gmt":"2025-06-21T09:48:10","guid":{"rendered":"https:\/\/www.valentinmachut.fr\/?page_id=17"},"modified":"2025-07-08T11:07:18","modified_gmt":"2025-07-08T09:07:18","slug":"genealogies","status":"publish","type":"page","link":"https:\/\/www.valentinmachut.fr\/index.php\/genealogies\/","title":{"rendered":"G\u00e9n\u00e9alogies"},"content":{"rendered":"\t\t<div data-elementor-type=\"wp-page\" data-elementor-id=\"17\" class=\"elementor elementor-17\" data-elementor-post-type=\"page\">\n\t\t\t\t<div class=\"elementor-element elementor-element-e447f37 e-flex e-con-boxed e-con e-parent\" data-id=\"e447f37\" data-element_type=\"container\" data-e-type=\"container\">\n\t\t\t\t\t<div class=\"e-con-inner\">\n\t\t\t\t<div class=\"elementor-element elementor-element-9598561 elementor-widget elementor-widget-heading\" data-id=\"9598561\" data-element_type=\"widget\" data-e-type=\"widget\" data-widget_type=\"heading.default\">\n\t\t\t\t<div class=\"elementor-widget-container\">\n\t\t\t\t\t<h1 class=\"elementor-heading-title elementor-size-default\">G\u00e9n\u00e9alogies<\/h1>\t\t\t\t<\/div>\n\t\t\t\t<\/div>\n\t\t\t\t\t<\/div>\n\t\t\t\t<\/div>\n\t\t<div class=\"elementor-element elementor-element-791ae80 e-flex e-con-boxed elementor-invisible e-con e-parent\" data-id=\"791ae80\" data-element_type=\"container\" data-e-type=\"container\" data-settings=\"{&quot;animation&quot;:&quot;zoomIn&quot;}\">\n\t\t\t\t\t<div class=\"e-con-inner\">\n\t\t\t\t<div class=\"elementor-element elementor-element-6c92c25 elementor-widget elementor-widget-image-box\" data-id=\"6c92c25\" data-element_type=\"widget\" data-e-type=\"widget\" data-widget_type=\"image-box.default\">\n\t\t\t\t<div class=\"elementor-widget-container\">\n\t\t\t\t\t<div class=\"elementor-image-box-wrapper\"><div class=\"elementor-image-box-content\"><p class=\"elementor-image-box-description\">Vous vous appr\u00eatez \u00e0 explorer l\u2019arbre g\u00e9n\u00e9alogique des Ludolphides, des Carolingiens et des Robertiens, trois grandes lign\u00e9es du haut Moyen \u00c2ge, au c\u0153ur du monde franc et saxon.<\/p><\/div><\/div>\t\t\t\t<\/div>\n\t\t\t\t<\/div>\n\t\t\t\t<div class=\"elementor-element elementor-element-751ad8e elementor-align-center elementor-invisible elementor-widget elementor-widget-button\" data-id=\"751ad8e\" data-element_type=\"widget\" data-e-type=\"widget\" data-settings=\"{&quot;_animation&quot;:&quot;bounceIn&quot;}\" data-widget_type=\"button.default\">\n\t\t\t\t<div class=\"elementor-widget-container\">\n\t\t\t\t\t\t\t\t\t<div class=\"elementor-button-wrapper\">\n\t\t\t\t\t<a class=\"elementor-button elementor-button-link elementor-size-sm\" href=\"https:\/\/www.valentinmachut.fr\/index.php\/choisissez-un-genealogie\/\">\n\t\t\t\t\t\t<span class=\"elementor-button-content-wrapper\">\n\t\t\t\t\t\t\t\t\t<span class=\"elementor-button-text\">COMMANCER<\/span>\n\t\t\t\t\t<\/span>\n\t\t\t\t\t<\/a>\n\t\t\t\t<\/div>\n\t\t\t\t\t\t\t\t<\/div>\n\t\t\t\t<\/div>\n\t\t\t\t\t<\/div>\n\t\t\t\t<\/div>\n\t\t\t\t<\/div>\n\t\t","protected":false},"excerpt":{"rendered":"<p>G\u00e9n\u00e9alogies Vous vous appr\u00eatez \u00e0 explorer l\u2019arbre g\u00e9n\u00e9alogique des Ludolphides, des Carolingiens et des Robertiens, trois grandes lign\u00e9es du haut Moyen \u00c2ge, au c\u0153ur du monde franc et saxon. COMMANCER<\/p>\n","protected":false},"author":1,"featured_media":0,"parent":0,"menu_order":0,"comment_status":"closed","ping_status":"closed","template":"","meta":{"footnotes":""},"class_list":["post-17","page","type-page","status-publish","hentry","entry"],"_links":{"self":[{"href":"https:\/\/www.valentinmachut.fr\/index.php\/wp-json\/wp\/v2\/pages\/17","targetHints":{"allow":["GET"]}}],"collection":[{"href":"https:\/\/www.valentinmachut.fr\/index.php\/wp-json\/wp\/v2\/pages"}],"about":[{"href":"https:\/\/www.valentinmachut.fr\/index.php\/wp-json\/wp\/v2\/types\/page"}],"author":[{"embeddable":true,"href":"https:\/\/www.valentinmachut.fr\/index.php\/wp-json\/wp\/v2\/users\/1"}],"replies":[{"embeddable":true,"href":"https:\/\/www.valentinmachut.fr\/index.php\/wp-json\/wp\/v2\/comments?post=17"}],"version-history":[{"count":40,"href":"https:\/\/www.valentinmachut.fr\/index.php\/wp-json\/wp\/v2\/pages\/17\/revisions"}],"predecessor-version":[{"id":680,"href":"https:\/\/www.valentinmachut.fr\/index.php\/wp-json\/wp\/v2\/pages\/17\/revisions\/680"}],"wp:attachment":[{"href":"https:\/\/www.valentinmachut.fr\/index.php\/wp-json\/wp\/v2\/media?parent=17"}],"curies":[{"name":"wp","href":"https:\/\/api.w.org\/{rel}","templated":true}]}}