{"id":14,"date":"2025-06-21T11:47:37","date_gmt":"2025-06-21T09:47:37","guid":{"rendered":"https:\/\/www.valentinmachut.fr\/?page_id=14"},"modified":"2025-06-27T14:17:24","modified_gmt":"2025-06-27T12:17:24","slug":"livres","status":"publish","type":"page","link":"https:\/\/www.valentinmachut.fr\/index.php\/livres\/","title":{"rendered":"Livres"},"content":{"rendered":"\t\t<div data-elementor-type=\"wp-page\" data-elementor-id=\"14\" class=\"elementor elementor-14\" data-elementor-post-type=\"page\">\n\t\t\t\t<div class=\"elementor-element elementor-element-6a35e32 e-flex e-con-boxed e-con e-parent\" data-id=\"6a35e32\" data-element_type=\"container\" data-e-type=\"container\">\n\t\t\t\t\t<div class=\"e-con-inner\">\n\t\t\t\t<div class=\"elementor-element elementor-element-801457b elementor-widget elementor-widget-heading\" data-id=\"801457b\" data-element_type=\"widget\" data-e-type=\"widget\" data-widget_type=\"heading.default\">\n\t\t\t\t<div class=\"elementor-widget-container\">\n\t\t\t\t\t<h1 class=\"elementor-heading-title elementor-size-default\">Livres<\/h1>\t\t\t\t<\/div>\n\t\t\t\t<\/div>\n\t\t\t\t\t<\/div>\n\t\t\t\t<\/div>\n\t\t<div class=\"elementor-element elementor-element-0950f5c e-flex e-con-boxed e-con e-parent\" data-id=\"0950f5c\" data-element_type=\"container\" data-e-type=\"container\">\n\t\t\t\t\t<div class=\"e-con-inner\">\n\t\t\t\t<div class=\"elementor-element elementor-element-cc4daf1 elementor-invisible elementor-widget elementor-widget-heading\" data-id=\"cc4daf1\" data-element_type=\"widget\" data-e-type=\"widget\" data-settings=\"{&quot;_animation&quot;:&quot;bounceIn&quot;}\" data-widget_type=\"heading.default\">\n\t\t\t\t<div class=\"elementor-widget-container\">\n\t\t\t\t\t<h2 class=\"elementor-heading-title elementor-size-default\">N\u00b01<\/h2>\t\t\t\t<\/div>\n\t\t\t\t<\/div>\n\t\t\t\t<div class=\"elementor-element elementor-element-914fee8 elementor-position-top elementor-invisible elementor-widget elementor-widget-image-box\" data-id=\"914fee8\" data-element_type=\"widget\" data-e-type=\"widget\" data-settings=\"{&quot;_animation&quot;:&quot;rollIn&quot;}\" data-widget_type=\"image-box.default\">\n\t\t\t\t<div class=\"elementor-widget-container\">\n\t\t\t\t\t<div class=\"elementor-image-box-wrapper\"><figure class=\"elementor-image-box-img\"><img fetchpriority=\"high\" decoding=\"async\" width=\"1024\" height=\"1536\" src=\"https:\/\/www.valentinmachut.fr\/wp-content\/uploads\/2025\/06\/ValentinMachut.jpg\" class=\"attachment-full size-full wp-image-424\" alt=\"\" srcset=\"https:\/\/www.valentinmachut.fr\/wp-content\/uploads\/2025\/06\/ValentinMachut.jpg 1024w, https:\/\/www.valentinmachut.fr\/wp-content\/uploads\/2025\/06\/ValentinMachut-200x300.jpg 200w, https:\/\/www.valentinmachut.fr\/wp-content\/uploads\/2025\/06\/ValentinMachut-683x1024.jpg 683w, https:\/\/www.valentinmachut.fr\/wp-content\/uploads\/2025\/06\/ValentinMachut-768x1152.jpg 768w\" sizes=\"(max-width: 1024px) 100vw, 1024px\" \/><\/figure><div class=\"elementor-image-box-content\"><h3 class=\"elementor-image-box-title\">La royaut\u00e9 au Xe si\u00e8cle selon Richer de Reims et Gerbert d'Aurillac<\/h3><p class=\"elementor-image-box-description\">Le Xe si\u00e8cle marque un tournant d\u00e9cisif dans l\u2019histoire de la Francie occidentale : les Carolingiens s\u2019effacent peu \u00e0 peu au profit des Cap\u00e9tiens, amor\u00e7ant une nouvelle \u00e8re politique et dynastique. Ce moment charni\u00e8re, souvent rel\u00e9gu\u00e9 aux marges des grandes synth\u00e8ses historiques, r\u00e9v\u00e8le pourtant une recomposition profonde du pouvoir royal et aristocratique \u00e0 l\u2019aube de l\u2019an mille.\n\n\u00c0 travers une analyse fine des dynamiques politiques, sociales et territoriales, ce livre met en lumi\u00e8re un roi des Francs (rex Francorum) affaibli, dont l\u2019autorit\u00e9 s\u2019effrite au profit du puissant duc des Francs (dux Francorum). Tandis qu\u2019en Germanie, la dynastie ottonienne des Ludolphides consolide son emprise sur l\u2019Empire, la Francie occidentale conna\u00eet une instabilit\u00e9 croissante, pr\u00e9cipitant la fin d\u2019une royaut\u00e9 carolingienne \u00e9clat\u00e9e.\n\nS\u2019appuyant sur les \u00e9crits de t\u00e9moins majeurs tels que Richer de Reims (auteur de l\u2019Historia Francorum) et Gerbert d\u2019Aurillac (le futur pape Sylvestre II), cet ouvrage offre une plong\u00e9e document\u00e9e et passionnante dans le cr\u00e9puscule du haut Moyen \u00c2ge. Entre luttes d\u2019influence, strat\u00e9gies territoriales et \u00e9volutions institutionnelles, il interroge les fondements m\u00eames de la l\u00e9gitimit\u00e9 royale en Occident.\n\n\n<\/br>\ud83d\udcc5 Parution : 26 juin 2025<\/br>\n<\/br>\ud83c\udfdb\ufe0f \u00c9diteur : \u00c9ditions de l\u2019Harmattan<\/br>\n<\/br>\ud83d\udd17 Disponible en librairie et en ligne :<\/br>\n<a href=\"https:\/\/www.editions-harmattan.fr\/catalogue\/livre\/la-royaute-au-xe-siecle-en-francie-occidentale\/79305?srsltid=AfmBOork9ymKfaql7ue5Jr31rGvEFkwvIaQe8ixv19C5YH9fNR56lavJ\" target=\"_blank\">\nwww.editions-harmattan.fr\/catalogue\/livre\/la-royaute-au-xe-siecle-en-francie-occidentale\n<\/a><\/br><\/p><\/div><\/div>\t\t\t\t<\/div>\n\t\t\t\t<\/div>\n\t\t\t\t\t<\/div>\n\t\t\t\t<\/div>\n\t\t\t\t<\/div>\n\t\t","protected":false},"excerpt":{"rendered":"<p>Livres N\u00b01 La royaut\u00e9 au Xe si\u00e8cle selon Richer de Reims et Gerbert d&rsquo;Aurillac Le Xe si\u00e8cle marque un tournant d\u00e9cisif dans l\u2019histoire de la Francie occidentale : les Carolingiens s\u2019effacent peu \u00e0 peu au profit des Cap\u00e9tiens, amor\u00e7ant une nouvelle \u00e8re politique et dynastique. Ce moment charni\u00e8re, souvent rel\u00e9gu\u00e9 aux marges des grandes synth\u00e8ses [&hellip;]<\/p>\n","protected":false},"author":1,"featured_media":0,"parent":0,"menu_order":0,"comment_status":"closed","ping_status":"closed","template":"","meta":{"footnotes":""},"class_list":["post-14","page","type-page","status-publish","hentry","entry"],"_links":{"self":[{"href":"https:\/\/www.valentinmachut.fr\/index.php\/wp-json\/wp\/v2\/pages\/14","targetHints":{"allow":["GET"]}}],"collection":[{"href":"https:\/\/www.valentinmachut.fr\/index.php\/wp-json\/wp\/v2\/pages"}],"about":[{"href":"https:\/\/www.valentinmachut.fr\/index.php\/wp-json\/wp\/v2\/types\/page"}],"author":[{"embeddable":true,"href":"https:\/\/www.valentinmachut.fr\/index.php\/wp-json\/wp\/v2\/users\/1"}],"replies":[{"embeddable":true,"href":"https:\/\/www.valentinmachut.fr\/index.php\/wp-json\/wp\/v2\/comments?post=14"}],"version-history":[{"count":31,"href":"https:\/\/www.valentinmachut.fr\/index.php\/wp-json\/wp\/v2\/pages\/14\/revisions"}],"predecessor-version":[{"id":670,"href":"https:\/\/www.valentinmachut.fr\/index.php\/wp-json\/wp\/v2\/pages\/14\/revisions\/670"}],"wp:attachment":[{"href":"https:\/\/www.valentinmachut.fr\/index.php\/wp-json\/wp\/v2\/media?parent=14"}],"curies":[{"name":"wp","href":"https:\/\/api.w.org\/{rel}","templated":true}]}}