{"id":12,"date":"2025-06-21T11:46:42","date_gmt":"2025-06-21T09:46:42","guid":{"rendered":"https:\/\/www.valentinmachut.fr\/?page_id=12"},"modified":"2025-07-19T14:12:46","modified_gmt":"2025-07-19T12:12:46","slug":"a-propos","status":"publish","type":"page","link":"https:\/\/www.valentinmachut.fr\/index.php\/a-propos\/","title":{"rendered":"Biographie"},"content":{"rendered":"\t\t<div data-elementor-type=\"wp-page\" data-elementor-id=\"12\" class=\"elementor elementor-12\" data-elementor-post-type=\"page\">\n\t\t\t\t<div class=\"elementor-element elementor-element-59171bc e-flex e-con-boxed e-con e-parent\" data-id=\"59171bc\" data-element_type=\"container\" data-e-type=\"container\" data-settings=\"{&quot;background_background&quot;:&quot;classic&quot;}\">\n\t\t\t\t\t<div class=\"e-con-inner\">\n\t\t\t\t<div class=\"elementor-element elementor-element-2c9f8bd elementor-invisible elementor-widget elementor-widget-heading\" data-id=\"2c9f8bd\" data-element_type=\"widget\" data-e-type=\"widget\" data-settings=\"{&quot;_animation&quot;:&quot;fadeInLeft&quot;}\" data-widget_type=\"heading.default\">\n\t\t\t\t<div class=\"elementor-widget-container\">\n\t\t\t\t\t<h1 class=\"elementor-heading-title elementor-size-default\">Biographie<\/h1>\t\t\t\t<\/div>\n\t\t\t\t<\/div>\n\t\t\t\t<div class=\"elementor-element elementor-element-d6542d7 elementor-invisible elementor-widget elementor-widget-text-editor\" data-id=\"d6542d7\" data-element_type=\"widget\" data-e-type=\"widget\" data-settings=\"{&quot;_animation&quot;:&quot;zoomIn&quot;}\" data-widget_type=\"text-editor.default\">\n\t\t\t\t<div class=\"elementor-widget-container\">\n\t\t\t\t\t\t\t\t\t<p>Dipl\u00f4m\u00e9 en science politique et en histoire europ\u00e9enne \u00e0 l\u2019Universit\u00e9 de Lille, Valentin Machut se consacre \u00e0 l\u2019\u00e9tude du monde franc et germanique durant le haut Moyen \u00c2ge (Ve-Xe si\u00e8cle). Ses recherches portent sur les dynamiques politiques, sociales et culturelles de cette p\u00e9riode charni\u00e8re de l\u2019histoire m\u00e9di\u00e9vale europ\u00e9enne. Ce site pr\u00e9sente ses publications, livres et articles consacr\u00e9s \u00e0 l\u2019histoire m\u00e9di\u00e9vale.<\/p>\t\t\t\t\t\t\t\t<\/div>\n\t\t\t\t<\/div>\n\t\t\t\t\t<\/div>\n\t\t\t\t<\/div>\n\t\t<div class=\"elementor-element elementor-element-58c4430 e-flex e-con-boxed e-con e-parent\" data-id=\"58c4430\" data-element_type=\"container\" data-e-type=\"container\">\n\t\t\t\t\t<div class=\"e-con-inner\">\n\t\t<div class=\"elementor-element elementor-element-f8ebff6 e-con-full e-flex e-con e-child\" data-id=\"f8ebff6\" data-element_type=\"container\" data-e-type=\"container\">\n\t\t\t\t<div class=\"elementor-element elementor-element-700385e elementor-mobile-align-center elementor-align-center elementor-invisible elementor-widget elementor-widget-button\" data-id=\"700385e\" data-element_type=\"widget\" data-e-type=\"widget\" data-settings=\"{&quot;_animation&quot;:&quot;bounceIn&quot;}\" data-widget_type=\"button.default\">\n\t\t\t\t<div class=\"elementor-widget-container\">\n\t\t\t\t\t\t\t\t\t<div class=\"elementor-button-wrapper\">\n\t\t\t\t\t<a class=\"elementor-button elementor-button-link elementor-size-sm\" href=\"https:\/\/www.valentinmachut.fr\/index.php\/livres\/\">\n\t\t\t\t\t\t<span class=\"elementor-button-content-wrapper\">\n\t\t\t\t\t\t\t\t\t<span class=\"elementor-button-text\">Livres<\/span>\n\t\t\t\t\t<\/span>\n\t\t\t\t\t<\/a>\n\t\t\t\t<\/div>\n\t\t\t\t\t\t\t\t<\/div>\n\t\t\t\t<\/div>\n\t\t\t\t<\/div>\n\t\t<div class=\"elementor-element elementor-element-1e5eee4 e-con-full e-flex e-con e-child\" data-id=\"1e5eee4\" data-element_type=\"container\" data-e-type=\"container\">\n\t\t\t\t<div class=\"elementor-element elementor-element-677538c elementor-mobile-align-center elementor-align-center elementor-invisible elementor-widget elementor-widget-button\" data-id=\"677538c\" data-element_type=\"widget\" data-e-type=\"widget\" data-settings=\"{&quot;_animation&quot;:&quot;bounceIn&quot;}\" data-widget_type=\"button.default\">\n\t\t\t\t<div class=\"elementor-widget-container\">\n\t\t\t\t\t\t\t\t\t<div class=\"elementor-button-wrapper\">\n\t\t\t\t\t<a class=\"elementor-button elementor-button-link elementor-size-sm\" href=\"https:\/\/www.valentinmachut.fr\/index.php\/2025\/06\/21\/blog\/\">\n\t\t\t\t\t\t<span class=\"elementor-button-content-wrapper\">\n\t\t\t\t\t\t\t\t\t<span class=\"elementor-button-text\">Articles<\/span>\n\t\t\t\t\t<\/span>\n\t\t\t\t\t<\/a>\n\t\t\t\t<\/div>\n\t\t\t\t\t\t\t\t<\/div>\n\t\t\t\t<\/div>\n\t\t\t\t<\/div>\n\t\t\t\t\t<\/div>\n\t\t\t\t<\/div>\n\t\t<div class=\"elementor-element elementor-element-4f76778 e-flex e-con-boxed e-con e-parent\" data-id=\"4f76778\" data-element_type=\"container\" data-e-type=\"container\">\n\t\t\t\t\t<div class=\"e-con-inner\">\n\t\t\t\t\t<\/div>\n\t\t\t\t<\/div>\n\t\t\t\t<\/div>\n\t\t","protected":false},"excerpt":{"rendered":"<p>Biographie Dipl\u00f4m\u00e9 en science politique et en histoire europ\u00e9enne \u00e0 l\u2019Universit\u00e9 de Lille, Valentin Machut se consacre \u00e0 l\u2019\u00e9tude du monde franc et germanique durant le haut Moyen \u00c2ge (Ve-Xe si\u00e8cle). Ses recherches portent sur les dynamiques politiques, sociales et culturelles de cette p\u00e9riode charni\u00e8re de l\u2019histoire m\u00e9di\u00e9vale europ\u00e9enne. Ce site pr\u00e9sente ses publications, livres [&hellip;]<\/p>\n","protected":false},"author":1,"featured_media":0,"parent":0,"menu_order":0,"comment_status":"closed","ping_status":"closed","template":"","meta":{"footnotes":""},"class_list":["post-12","page","type-page","status-publish","hentry","entry"],"_links":{"self":[{"href":"https:\/\/www.valentinmachut.fr\/index.php\/wp-json\/wp\/v2\/pages\/12","targetHints":{"allow":["GET"]}}],"collection":[{"href":"https:\/\/www.valentinmachut.fr\/index.php\/wp-json\/wp\/v2\/pages"}],"about":[{"href":"https:\/\/www.valentinmachut.fr\/index.php\/wp-json\/wp\/v2\/types\/page"}],"author":[{"embeddable":true,"href":"https:\/\/www.valentinmachut.fr\/index.php\/wp-json\/wp\/v2\/users\/1"}],"replies":[{"embeddable":true,"href":"https:\/\/www.valentinmachut.fr\/index.php\/wp-json\/wp\/v2\/comments?post=12"}],"version-history":[{"count":131,"href":"https:\/\/www.valentinmachut.fr\/index.php\/wp-json\/wp\/v2\/pages\/12\/revisions"}],"predecessor-version":[{"id":687,"href":"https:\/\/www.valentinmachut.fr\/index.php\/wp-json\/wp\/v2\/pages\/12\/revisions\/687"}],"wp:attachment":[{"href":"https:\/\/www.valentinmachut.fr\/index.php\/wp-json\/wp\/v2\/media?parent=12"}],"curies":[{"name":"wp","href":"https:\/\/api.w.org\/{rel}","templated":true}]}}