{"id":10,"date":"2025-06-21T11:44:17","date_gmt":"2025-06-21T09:44:17","guid":{"rendered":"https:\/\/www.valentinmachut.fr\/?page_id=10"},"modified":"2025-06-25T13:50:13","modified_gmt":"2025-06-25T11:50:13","slug":"accueil","status":"publish","type":"page","link":"https:\/\/www.valentinmachut.fr\/","title":{"rendered":"Accueil"},"content":{"rendered":"\t\t<div data-elementor-type=\"wp-page\" data-elementor-id=\"10\" class=\"elementor elementor-10\" data-elementor-post-type=\"page\">\n\t\t\t\t<div class=\"elementor-element elementor-element-a19b7ec e-flex e-con-boxed elementor-invisible e-con e-parent\" data-id=\"a19b7ec\" data-element_type=\"container\" data-e-type=\"container\" data-settings=\"{&quot;background_background&quot;:&quot;classic&quot;,&quot;animation&quot;:&quot;slideInUp&quot;}\">\n\t\t\t\t\t<div class=\"e-con-inner\">\n\t\t\t\t\t<\/div>\n\t\t\t\t<\/div>\n\t\t<div class=\"elementor-element elementor-element-8e3d431 e-flex e-con-boxed e-con e-parent\" data-id=\"8e3d431\" data-element_type=\"container\" data-e-type=\"container\">\n\t\t\t\t\t<div class=\"e-con-inner\">\n\t\t<div class=\"elementor-element elementor-element-de22685 e-con-full e-flex elementor-invisible e-con e-child\" data-id=\"de22685\" data-element_type=\"container\" data-e-type=\"container\" data-settings=\"{&quot;background_background&quot;:&quot;classic&quot;,&quot;animation&quot;:&quot;slideInUp&quot;}\">\n\t\t\t\t<div class=\"elementor-element elementor-element-3ff0974 elementor-position-top elementor-widget elementor-widget-image-box\" data-id=\"3ff0974\" data-element_type=\"widget\" data-e-type=\"widget\" data-widget_type=\"image-box.default\">\n\t\t\t\t<div class=\"elementor-widget-container\">\n\t\t\t\t\t<div class=\"elementor-image-box-wrapper\"><figure class=\"elementor-image-box-img\"><img fetchpriority=\"high\" decoding=\"async\" width=\"512\" height=\"512\" src=\"https:\/\/www.valentinmachut.fr\/wp-content\/uploads\/2025\/06\/pile-de-livres.png\" class=\"attachment-full size-full wp-image-341\" alt=\"\" srcset=\"https:\/\/www.valentinmachut.fr\/wp-content\/uploads\/2025\/06\/pile-de-livres.png 512w, https:\/\/www.valentinmachut.fr\/wp-content\/uploads\/2025\/06\/pile-de-livres-300x300.png 300w, https:\/\/www.valentinmachut.fr\/wp-content\/uploads\/2025\/06\/pile-de-livres-150x150.png 150w\" sizes=\"(max-width: 512px) 100vw, 512px\" \/><\/figure><div class=\"elementor-image-box-content\"><h3 class=\"elementor-image-box-title\">D\u00e9couvrir mes ouvrages<\/h3><p class=\"elementor-image-box-description\">Retrouvez l\u2019ensemble de mes livres consacr\u00e9s \u00e0 l\u2019histoire du haut Moyen \u00c2ge, notamment sur les mondes franc et germanique, entre l\u2019\u00e9poque m\u00e9rovingienne et carolingienne.<\/p><\/div><\/div>\t\t\t\t<\/div>\n\t\t\t\t<\/div>\n\t\t\t\t<div class=\"elementor-element elementor-element-c19c1a5 elementor-align-center elementor-invisible elementor-widget elementor-widget-button\" data-id=\"c19c1a5\" data-element_type=\"widget\" data-e-type=\"widget\" data-settings=\"{&quot;_animation&quot;:&quot;rotateInDownLeft&quot;}\" data-widget_type=\"button.default\">\n\t\t\t\t<div class=\"elementor-widget-container\">\n\t\t\t\t\t\t\t\t\t<div class=\"elementor-button-wrapper\">\n\t\t\t\t\t<a class=\"elementor-button elementor-button-link elementor-size-sm\" href=\"https:\/\/www.valentinmachut.fr\/index.php\/livres\/\">\n\t\t\t\t\t\t<span class=\"elementor-button-content-wrapper\">\n\t\t\t\t\t\t\t\t\t<span class=\"elementor-button-text\">Livres<\/span>\n\t\t\t\t\t<\/span>\n\t\t\t\t\t<\/a>\n\t\t\t\t<\/div>\n\t\t\t\t\t\t\t\t<\/div>\n\t\t\t\t<\/div>\n\t\t\t\t<\/div>\n\t\t<div class=\"elementor-element elementor-element-ff27803 e-con-full e-flex elementor-invisible e-con e-child\" data-id=\"ff27803\" data-element_type=\"container\" data-e-type=\"container\" data-settings=\"{&quot;background_background&quot;:&quot;classic&quot;,&quot;animation&quot;:&quot;slideInUp&quot;}\">\n\t\t\t\t<div class=\"elementor-element elementor-element-887342c elementor-position-top elementor-widget elementor-widget-image-box\" data-id=\"887342c\" data-element_type=\"widget\" data-e-type=\"widget\" data-widget_type=\"image-box.default\">\n\t\t\t\t<div class=\"elementor-widget-container\">\n\t\t\t\t\t<div class=\"elementor-image-box-wrapper\"><figure class=\"elementor-image-box-img\"><img decoding=\"async\" width=\"512\" height=\"512\" src=\"https:\/\/www.valentinmachut.fr\/wp-content\/uploads\/2025\/06\/stylo-a-plume.png\" class=\"attachment-full size-full wp-image-340\" alt=\"\" srcset=\"https:\/\/www.valentinmachut.fr\/wp-content\/uploads\/2025\/06\/stylo-a-plume.png 512w, https:\/\/www.valentinmachut.fr\/wp-content\/uploads\/2025\/06\/stylo-a-plume-300x300.png 300w, https:\/\/www.valentinmachut.fr\/wp-content\/uploads\/2025\/06\/stylo-a-plume-150x150.png 150w\" sizes=\"(max-width: 512px) 100vw, 512px\" \/><\/figure><div class=\"elementor-image-box-content\"><h3 class=\"elementor-image-box-title\">\u00c9ditos<\/h3><p class=\"elementor-image-box-description\">Je partage ici mes r\u00e9flexions, recherches et d\u00e9couvertes autour de l\u2019histoire du haut Moyen \u00c2ge, avec un focus sur le monde franc et germanique. Un espace de dialogue entre passionn\u00e9s d\u2019histoire.<\/p><\/div><\/div>\t\t\t\t<\/div>\n\t\t\t\t<\/div>\n\t\t\t\t<div class=\"elementor-element elementor-element-058511e elementor-align-center elementor-invisible elementor-widget elementor-widget-button\" data-id=\"058511e\" data-element_type=\"widget\" data-e-type=\"widget\" data-settings=\"{&quot;_animation&quot;:&quot;rotateInDownLeft&quot;}\" data-widget_type=\"button.default\">\n\t\t\t\t<div class=\"elementor-widget-container\">\n\t\t\t\t\t\t\t\t\t<div class=\"elementor-button-wrapper\">\n\t\t\t\t\t<a class=\"elementor-button elementor-button-link elementor-size-sm\" href=\"https:\/\/www.valentinmachut.fr\/index.php\/blog\/\">\n\t\t\t\t\t\t<span class=\"elementor-button-content-wrapper\">\n\t\t\t\t\t\t\t\t\t<span class=\"elementor-button-text\">\u00c9ditos<\/span>\n\t\t\t\t\t<\/span>\n\t\t\t\t\t<\/a>\n\t\t\t\t<\/div>\n\t\t\t\t\t\t\t\t<\/div>\n\t\t\t\t<\/div>\n\t\t\t\t<\/div>\n\t\t\t\t\t<\/div>\n\t\t\t\t<\/div>\n\t\t\t\t<\/div>\n\t\t","protected":false},"excerpt":{"rendered":"<p>D\u00e9couvrir mes ouvrages Retrouvez l\u2019ensemble de mes livres consacr\u00e9s \u00e0 l\u2019histoire du haut Moyen \u00c2ge, notamment sur les mondes franc et germanique, entre l\u2019\u00e9poque m\u00e9rovingienne et carolingienne. Livres \u00c9ditos Je partage ici mes r\u00e9flexions, recherches et d\u00e9couvertes autour de l\u2019histoire du haut Moyen \u00c2ge, avec un focus sur le monde franc et germanique. Un espace [&hellip;]<\/p>\n","protected":false},"author":1,"featured_media":0,"parent":0,"menu_order":0,"comment_status":"closed","ping_status":"closed","template":"","meta":{"footnotes":""},"class_list":["post-10","page","type-page","status-publish","hentry","entry"],"_links":{"self":[{"href":"https:\/\/www.valentinmachut.fr\/index.php\/wp-json\/wp\/v2\/pages\/10","targetHints":{"allow":["GET"]}}],"collection":[{"href":"https:\/\/www.valentinmachut.fr\/index.php\/wp-json\/wp\/v2\/pages"}],"about":[{"href":"https:\/\/www.valentinmachut.fr\/index.php\/wp-json\/wp\/v2\/types\/page"}],"author":[{"embeddable":true,"href":"https:\/\/www.valentinmachut.fr\/index.php\/wp-json\/wp\/v2\/users\/1"}],"replies":[{"embeddable":true,"href":"https:\/\/www.valentinmachut.fr\/index.php\/wp-json\/wp\/v2\/comments?post=10"}],"version-history":[{"count":175,"href":"https:\/\/www.valentinmachut.fr\/index.php\/wp-json\/wp\/v2\/pages\/10\/revisions"}],"predecessor-version":[{"id":575,"href":"https:\/\/www.valentinmachut.fr\/index.php\/wp-json\/wp\/v2\/pages\/10\/revisions\/575"}],"wp:attachment":[{"href":"https:\/\/www.valentinmachut.fr\/index.php\/wp-json\/wp\/v2\/media?parent=10"}],"curies":[{"name":"wp","href":"https:\/\/api.w.org\/{rel}","templated":true}]}}